{"id":1877,"date":"2025-03-04T08:50:53","date_gmt":"2025-03-04T08:50:53","guid":{"rendered":"https:\/\/sackman.es\/?page_id=1877"},"modified":"2025-06-19T14:12:13","modified_gmt":"2025-06-19T14:12:13","slug":"produccion-a-la-carta","status":"publish","type":"page","link":"https:\/\/sackman.es\/en\/produccion-a-la-carta\/","title":{"rendered":"BESPOKE PRODUCTION"},"content":{"rendered":"<div data-elementor-type=\"wp-page\" data-elementor-id=\"1877\" class=\"elementor elementor-1877\" data-elementor-post-type=\"page\">\n\t\t\t\t<div class=\"elementor-element elementor-element-aa79333 e-con-full e-flex e-con e-parent\" data-id=\"aa79333\" data-element_type=\"container\" data-settings=\"{&quot;background_background&quot;:&quot;classic&quot;,&quot;shape_divider_bottom&quot;:&quot;triangle-asymmetrical&quot;,&quot;jet_parallax_layout_list&quot;:[]}\">\n\t\t\t\t<div class=\"elementor-shape elementor-shape-bottom\" data-negative=\"false\">\n\t\t\t<svg xmlns=\"http:\/\/www.w3.org\/2000\/svg\" viewbox=\"0 0 1000 100\" preserveaspectratio=\"none\">\n\t<path class=\"elementor-shape-fill\" d=\"M738,99l262-93V0H0v5.6L738,99z\"\/>\n<\/svg>\t\t<\/div>\n\t\t<div class=\"elementor-element elementor-element-7335494 e-flex e-con-boxed e-con e-child\" data-id=\"7335494\" data-element_type=\"container\" data-settings=\"{&quot;jet_parallax_layout_list&quot;:[]}\">\n\t\t\t\t\t<div class=\"e-con-inner\">\n\t\t\t\t<div class=\"elementor-element elementor-element-546efdc elementor-widget__width-initial elementor-widget elementor-widget-heading\" data-id=\"546efdc\" data-element_type=\"widget\" data-widget_type=\"heading.default\">\n\t\t\t\t<div class=\"elementor-widget-container\">\n\t\t\t\t\t<h2 class=\"elementor-heading-title elementor-size-default\"><a href=\"https:\/\/sackman.es\/en\/contacto\/\">\u00a1Contactanos!<\/a><\/h2>\t\t\t\t<\/div>\n\t\t\t\t<\/div>\n\t\t\t\t\t<\/div>\n\t\t\t\t<\/div>\n\t\t\t\t<\/div>\n\t\t<div class=\"elementor-element elementor-element-a5c20db e-flex e-con-boxed e-con e-parent\" data-id=\"a5c20db\" data-element_type=\"container\" data-settings=\"{&quot;jet_parallax_layout_list&quot;:[]}\">\n\t\t\t\t\t<div class=\"e-con-inner\">\n\t\t\t\t<div class=\"elementor-element elementor-element-18f83f7 elementor-widget elementor-widget-heading\" data-id=\"18f83f7\" data-element_type=\"widget\" data-widget_type=\"heading.default\">\n\t\t\t\t<div class=\"elementor-widget-container\">\n\t\t\t\t\t<h2 class=\"elementor-heading-title elementor-size-default\">TU VISI\u00d3N, NUESTRO ARTE<\/h2>\t\t\t\t<\/div>\n\t\t\t\t<\/div>\n\t\t\t\t\t<\/div>\n\t\t\t\t<\/div>\n\t\t<div class=\"elementor-element elementor-element-efdbaf5 e-flex e-con-boxed e-con e-parent\" data-id=\"efdbaf5\" data-element_type=\"container\" data-settings=\"{&quot;jet_parallax_layout_list&quot;:[]}\">\n\t\t\t\t\t<div class=\"e-con-inner\">\n\t\t\t\t<div class=\"elementor-element elementor-element-a62803d elementor-widget__width-initial elementor-widget elementor-widget-text-editor\" data-id=\"a62803d\" data-element_type=\"widget\" data-widget_type=\"text-editor.default\">\n\t\t\t\t<div class=\"elementor-widget-container\">\n\t\t\t\t\t\t\t\t\t<p>En Sackman, convertimos ideas en destilados \u00fanicos. Desarrollamos recetas exclusivas adaptadas a las tendencias del mercado y a las necesidades de nuestros clientes, garantizando un producto de alta calidad con un car\u00e1cter inconfundible.<\/p>\n<p>\u00a0<\/p>\t\t\t\t\t\t\t\t<\/div>\n\t\t\t\t<\/div>\n\t\t<div class=\"elementor-element elementor-element-89b7d71 e-grid e-con-full e-con e-child\" data-id=\"89b7d71\" data-element_type=\"container\" data-settings=\"{&quot;jet_parallax_layout_list&quot;:[]}\">\n\t\t\t\t<div class=\"elementor-element elementor-element-0c55b27 elementor-widget elementor-widget-text-editor\" data-id=\"0c55b27\" data-element_type=\"widget\" data-widget_type=\"text-editor.default\">\n\t\t\t\t<div class=\"elementor-widget-container\">\n\t\t\t\t\t\t\t\t\t<p style=\"text-align: center;\"><img decoding=\"async\" class=\"an1 CToWUd\" draggable=\"false\" src=\"https:\/\/fonts.gstatic.com\/s\/e\/notoemoji\/16.0\/1f52c\/72.png\" alt=\"\ud83d\udd2c\" data-emoji=\"\ud83d\udd2c\" aria-label=\"\ud83d\udd2c\" data-bit=\"iit\" \/>\u00a0<\/p>\n<p style=\"text-align: center;\">Proceso artesanal con innovaci\u00f3n tecnol\u00f3gica<\/p>\t\t\t\t\t\t\t\t<\/div>\n\t\t\t\t<\/div>\n\t\t\t\t<div class=\"elementor-element elementor-element-63f737a elementor-widget elementor-widget-text-editor\" data-id=\"63f737a\" data-element_type=\"widget\" data-widget_type=\"text-editor.default\">\n\t\t\t\t<div class=\"elementor-widget-container\">\n\t\t\t\t\t\t\t\t\t<p style=\"text-align: center;\"><img decoding=\"async\" class=\"an1 CToWUd aligncenter\" draggable=\"false\" src=\"https:\/\/fonts.gstatic.com\/s\/e\/notoemoji\/16.0\/1f6e2\/72.png\" alt=\"\ud83d\udee2\" data-emoji=\"\ud83d\udee2\" aria-label=\"\ud83d\udee2\" data-bit=\"iit\" \/>\u00a0<\/p><p style=\"text-align: center;\">Destilaci\u00f3n en alambiques de cobre y envejecimiento en barricas de roble<\/p>\t\t\t\t\t\t\t\t<\/div>\n\t\t\t\t<\/div>\n\t\t\t\t<div class=\"elementor-element elementor-element-fca903a elementor-widget elementor-widget-text-editor\" data-id=\"fca903a\" data-element_type=\"widget\" data-widget_type=\"text-editor.default\">\n\t\t\t\t<div class=\"elementor-widget-container\">\n\t\t\t\t\t\t\t\t\t<p style=\"text-align: center;\"><img decoding=\"async\" class=\"an1 CToWUd\" draggable=\"false\" src=\"https:\/\/fonts.gstatic.com\/s\/e\/notoemoji\/16.0\/1f30d\/72.png\" alt=\"\ud83c\udf0d\" data-emoji=\"\ud83c\udf0d\" aria-label=\"\ud83c\udf0d\" data-bit=\"iit\" \/>\u00a0<\/p><p style=\"text-align: center;\">Selecci\u00f3n de ingredientes naturales de primera calidad<\/p>\t\t\t\t\t\t\t\t<\/div>\n\t\t\t\t<\/div>\n\t\t\t\t<\/div>\n\t\t<div class=\"elementor-element elementor-element-bdfe13a e-con-full e-flex e-con e-child\" data-id=\"bdfe13a\" data-element_type=\"container\" data-settings=\"{&quot;jet_parallax_layout_list&quot;:[]}\">\n\t\t\t\t<div class=\"elementor-element elementor-element-0456dd8 elementor-widget elementor-widget-heading\" data-id=\"0456dd8\" data-element_type=\"widget\" data-widget_type=\"heading.default\">\n\t\t\t\t<div class=\"elementor-widget-container\">\n\t\t\t\t\t<h3 class=\"elementor-heading-title elementor-size-default\">C\u00d3MO TRABAJAMOS<\/h3>\t\t\t\t<\/div>\n\t\t\t\t<\/div>\n\t\t\t\t<\/div>\n\t\t\t\t<div class=\"elementor-element elementor-element-778db42 elementor-widget__width-initial elementor-widget elementor-widget-text-editor\" data-id=\"778db42\" data-element_type=\"widget\" data-widget_type=\"text-editor.default\">\n\t\t\t\t<div class=\"elementor-widget-container\">\n\t\t\t\t\t\t\t\t\t<p>1. Escuchamos tu idea<\/p>\n<p>Definimos los objetivos del proyecto y creamos una propuesta inicial con costes y tiempos estimados. Si lo necesitas, ofrecemos consultor\u00eda especializada para ayudarte a aterrizar tu concepto.<\/p>\n<p>2. Seleccionamos los mejores ingredientes<\/p>\n<p>Desde bot\u00e1nicos hasta cereales y frutas, trabajamos con proveedores de confianza para garantizar la m\u00e1xima calidad en cada destilado.<\/p>\n<p>3. Creamos la receta perfecta<\/p>\n<p>Mediante pruebas y ajustes, elaboramos una f\u00f3rmula \u00fanica que refleje el perfil de sabor que buscas, manteniendo el equilibrio y la autenticidad.<\/p>\n<p>4. Dise\u00f1amos la identidad del producto<\/p>\n<p>Si a\u00fan no tienes packaging, te ayudamos a crear un dise\u00f1o atractivo y funcional que encaje con la esencia de tu marca.<\/p>\n<p>5. Producci\u00f3n y embotellado<\/p>\n<p>Una vez definida la receta y el dise\u00f1o, iniciamos la producci\u00f3n bajo los m\u00e1s altos est\u00e1ndares de calidad para garantizar un producto final impecable.<\/p>\t\t\t\t\t\t\t\t<\/div>\n\t\t\t\t<\/div>\n\t\t\t\t<div class=\"elementor-element elementor-element-5aa9a04 elementor-widget elementor-widget-heading\" data-id=\"5aa9a04\" data-element_type=\"widget\" data-widget_type=\"heading.default\">\n\t\t\t\t<div class=\"elementor-widget-container\">\n\t\t\t\t\t<h3 class=\"elementor-heading-title elementor-size-default\">NUESTROS DESTILADOS A MEDIDA<\/h3>\t\t\t\t<\/div>\n\t\t\t\t<\/div>\n\t\t<div class=\"elementor-element elementor-element-a0d5619 e-grid e-con-full e-con e-child\" data-id=\"a0d5619\" data-element_type=\"container\" data-settings=\"{&quot;jet_parallax_layout_list&quot;:[]}\">\n\t\t\t\t<div class=\"elementor-element elementor-element-8e0f888 elementor-widget elementor-widget-text-editor\" data-id=\"8e0f888\" data-element_type=\"widget\" data-widget_type=\"text-editor.default\">\n\t\t\t\t<div class=\"elementor-widget-container\">\n\t\t\t\t\t\t\t\t\t<p><img decoding=\"async\" class=\"an1 CToWUd aligncenter\" draggable=\"false\" src=\"https:\/\/fonts.gstatic.com\/s\/e\/notoemoji\/16.0\/1f943\/72.png\" alt=\"\ud83e\udd43\" width=\"88\" height=\"88\" data-emoji=\"\ud83e\udd43\" aria-label=\"\ud83e\udd43\" data-bit=\"iit\" \/>\u00a0<\/p><h2 style=\"text-align: center;\">Destilados de Autor<\/h2><p style=\"text-align: center;\">Destilamos en alambiques de cobre para obtener GIN, VODKA &amp; RON puros o infusionados con bot\u00e1nicos, especias o frutas.<\/p>\t\t\t\t\t\t\t\t<\/div>\n\t\t\t\t<\/div>\n\t\t\t\t<div class=\"elementor-element elementor-element-d006763 elementor-widget elementor-widget-text-editor\" data-id=\"d006763\" data-element_type=\"widget\" data-widget_type=\"text-editor.default\">\n\t\t\t\t<div class=\"elementor-widget-container\">\n\t\t\t\t\t\t\t\t\t<p style=\"text-align: center;\">\u00a0<img decoding=\"async\" class=\"an1 CToWUd\" draggable=\"false\" src=\"https:\/\/fonts.gstatic.com\/s\/e\/notoemoji\/16.0\/1f6e2\/72.png\" alt=\"\ud83d\udee2\" width=\"98\" height=\"98\" data-emoji=\"\ud83d\udee2\" aria-label=\"\ud83d\udee2\" data-bit=\"iit\" \/>\u00a0<\/p><h2 style=\"text-align: center;\">Envejecidos en Barrica<\/h2><p style=\"text-align: center;\">A\u00f1ejamos WHISKY, RON &amp; GIN en barricas de roble que han contenido vinos selectos, logrando matices \u00fanicos y sofisticados.<\/p>\t\t\t\t\t\t\t\t<\/div>\n\t\t\t\t<\/div>\n\t\t\t\t<div class=\"elementor-element elementor-element-209cf89 elementor-widget elementor-widget-text-editor\" data-id=\"209cf89\" data-element_type=\"widget\" data-widget_type=\"text-editor.default\">\n\t\t\t\t<div class=\"elementor-widget-container\">\n\t\t\t\t\t\t\t\t\t<h2 style=\"text-align: center;\"><img decoding=\"async\" class=\"an1 CToWUd aligncenter\" draggable=\"false\" src=\"https:\/\/fonts.gstatic.com\/s\/e\/notoemoji\/16.0\/1f379\/72.png\" alt=\"\ud83c\udf79\" width=\"112\" height=\"112\" data-emoji=\"\ud83c\udf79\" aria-label=\"\ud83c\udf79\" data-bit=\"iit\" \/>\u00a0Licores &amp; RTDs<\/h2><p style=\"text-align: center;\">Elaboramos licores exclusivos con ingredientes naturales y creamos c\u00f3cteles listos para beber (RTDs) con bases personalizadas.<\/p>\t\t\t\t\t\t\t\t<\/div>\n\t\t\t\t<\/div>\n\t\t\t\t<\/div>\n\t\t\t\t\t<\/div>\n\t\t\t\t<\/div>\n\t\t<div class=\"elementor-element elementor-element-aae7a0d e-con-full e-flex e-con e-parent\" data-id=\"aae7a0d\" data-element_type=\"container\" data-settings=\"{&quot;jet_parallax_layout_list&quot;:[]}\">\n\t\t\t\t<div class=\"elementor-element elementor-element-b5ec480 elementor-widget__width-initial elementor-widget elementor-widget-heading\" data-id=\"b5ec480\" data-element_type=\"widget\" data-widget_type=\"heading.default\">\n\t\t\t\t<div class=\"elementor-widget-container\">\n\t\t\t\t\t<h2 class=\"elementor-heading-title elementor-size-default\"><a href=\"https:\/\/sackman.es\/en\/contacto\/\">\u00a1Contactanos!<\/a><\/h2>\t\t\t\t<\/div>\n\t\t\t\t<\/div>\n\t\t\t\t<\/div>\n\t\t<div class=\"elementor-element elementor-element-63cb4ce e-con-full e-flex e-con e-parent\" data-id=\"63cb4ce\" data-element_type=\"container\" data-settings=\"{&quot;jet_parallax_layout_list&quot;:[]}\">\n\t\t\t\t<div class=\"elementor-element elementor-element-7da376e elementor-widget elementor-widget-text-editor\" data-id=\"7da376e\" data-element_type=\"widget\" data-widget_type=\"text-editor.default\">\n\t\t\t\t<div class=\"elementor-widget-container\">\n\t\t\t\t\t\t\t\t\t<p style=\"text-align: center;\"><em><strong>\u00a0<\/strong><\/em><\/p><p style=\"text-align: center;\"><em><strong>CREA TU PROPIO DESTILADO CON NOSOTROS<\/strong><\/em><\/p><p style=\"text-align: center;\">Si quieres desarrollar un destilado \u00fanico para tu marca, tu negocio o un proyecto especial, estamos listos para hacerlo realidad.<\/p><h2 style=\"text-align: center;\"><strong>SACKMAN \u2013 Maestr\u00eda, innovaci\u00f3n y autenticidad en cada botella.<\/strong><\/h2><div><strong>\u00a0<\/strong><\/div>\t\t\t\t\t\t\t\t<\/div>\n\t\t\t\t<\/div>\n\t\t\t\t<\/div>\n\t\t\t\t<\/div>","protected":false},"excerpt":{"rendered":"<p>\u00a1Contactanos! TU VISI\u00d3N, NUESTRO ARTE En Sackman, convertimos ideas en destilados \u00fanicos. Desarrollamos recetas exclusivas adaptadas a las tendencias del mercado y a las necesidades de nuestros clientes, garantizando un producto de alta calidad con un car\u00e1cter inconfundible. \u00a0 \u00a0 Proceso artesanal con innovaci\u00f3n tecnol\u00f3gica \u00a0 Destilaci\u00f3n en alambiques de cobre y envejecimiento en barricas [&hellip;]<\/p>\n","protected":false},"author":4,"featured_media":1565,"parent":0,"menu_order":0,"comment_status":"closed","ping_status":"closed","template":"","meta":{"footnotes":"","_links_to":"","_links_to_target":""},"class_list":["post-1877","page","type-page","status-publish","has-post-thumbnail","hentry"],"_links":{"self":[{"href":"https:\/\/sackman.es\/en\/wp-json\/wp\/v2\/pages\/1877","targetHints":{"allow":["GET"]}}],"collection":[{"href":"https:\/\/sackman.es\/en\/wp-json\/wp\/v2\/pages"}],"about":[{"href":"https:\/\/sackman.es\/en\/wp-json\/wp\/v2\/types\/page"}],"author":[{"embeddable":true,"href":"https:\/\/sackman.es\/en\/wp-json\/wp\/v2\/users\/4"}],"replies":[{"embeddable":true,"href":"https:\/\/sackman.es\/en\/wp-json\/wp\/v2\/comments?post=1877"}],"version-history":[{"count":50,"href":"https:\/\/sackman.es\/en\/wp-json\/wp\/v2\/pages\/1877\/revisions"}],"predecessor-version":[{"id":2485,"href":"https:\/\/sackman.es\/en\/wp-json\/wp\/v2\/pages\/1877\/revisions\/2485"}],"wp:featuredmedia":[{"embeddable":true,"href":"https:\/\/sackman.es\/en\/wp-json\/wp\/v2\/media\/1565"}],"wp:attachment":[{"href":"https:\/\/sackman.es\/en\/wp-json\/wp\/v2\/media?parent=1877"}],"curies":[{"name":"wp","href":"https:\/\/api.w.org\/{rel}","templated":true}]}}