{"id":2919,"date":"2026-02-11T21:26:08","date_gmt":"2026-02-11T21:26:08","guid":{"rendered":"https:\/\/sackman.es\/?page_id=2919"},"modified":"2026-02-11T22:13:59","modified_gmt":"2026-02-11T22:13:59","slug":"membresia-premium","status":"publish","type":"page","link":"https:\/\/sackman.es\/en\/membresia-premium\/","title":{"rendered":"Membres\u00eda-Premium"},"content":{"rendered":"<div data-elementor-type=\"wp-page\" data-elementor-id=\"2919\" class=\"elementor elementor-2919\" data-elementor-post-type=\"page\">\n\t\t\t\t<div class=\"elementor-element elementor-element-b534857 e-con-full e-flex e-con e-parent\" data-id=\"b534857\" data-element_type=\"container\" data-settings=\"{&quot;jet_parallax_layout_list&quot;:[],&quot;background_background&quot;:&quot;classic&quot;,&quot;shape_divider_bottom&quot;:&quot;opacity-tilt&quot;}\">\n\t\t\t\t<div class=\"elementor-shape elementor-shape-bottom\" data-negative=\"false\">\n\t\t\t<svg xmlns=\"http:\/\/www.w3.org\/2000\/svg\" viewbox=\"0 0 2600 131.1\" preserveaspectratio=\"none\">\n\t<path class=\"elementor-shape-fill\" d=\"M0 0L2600 0 2600 69.1 0 0z\"\/>\n\t<path class=\"elementor-shape-fill\" style=\"opacity:0.5\" d=\"M0 0L2600 0 2600 69.1 0 69.1z\"\/>\n\t<path class=\"elementor-shape-fill\" style=\"opacity:0.25\" d=\"M2600 0L0 0 0 130.1 2600 69.1z\"\/>\n<\/svg>\t\t<\/div>\n\t\t\t\t<\/div>\n\t\t<div class=\"elementor-element elementor-element-b6e2ab8 e-flex e-con-boxed e-con e-parent\" data-id=\"b6e2ab8\" data-element_type=\"container\" data-settings=\"{&quot;jet_parallax_layout_list&quot;:[]}\">\n\t\t\t\t\t<div class=\"e-con-inner\">\n\t\t\t\t<div class=\"elementor-element elementor-element-4038d2a elementor-widget elementor-widget-heading\" data-id=\"4038d2a\" data-element_type=\"widget\" data-widget_type=\"heading.default\">\n\t\t\t\t<div class=\"elementor-widget-container\">\n\t\t\t\t\t<h2 class=\"elementor-heading-title elementor-size-default\">CLUB SACKMAN<\/h2>\t\t\t\t<\/div>\n\t\t\t\t<\/div>\n\t\t\t\t\t<\/div>\n\t\t\t\t<\/div>\n\t\t<div class=\"elementor-element elementor-element-5b8bfa9 e-flex e-con-boxed e-con e-parent\" data-id=\"5b8bfa9\" data-element_type=\"container\" data-settings=\"{&quot;jet_parallax_layout_list&quot;:[]}\">\n\t\t\t\t\t<div class=\"e-con-inner\">\n\t\t\t\t<div class=\"elementor-element elementor-element-45affad elementor-widget elementor-widget-text-editor\" data-id=\"45affad\" data-element_type=\"widget\" data-widget_type=\"text-editor.default\">\n\t\t\t\t<div class=\"elementor-widget-container\">\n\t\t\t\t\t\t\t\t\t<p>Si tienes que preguntar\u2026 no eres bienvenido. Pero ya est\u00e1s aqu\u00ed. Cruza la puerta.<\/p>\t\t\t\t\t\t\t\t<\/div>\n\t\t\t\t<\/div>\n\t\t\t\t\t<\/div>\n\t\t\t\t<\/div>\n\t\t<div class=\"elementor-element elementor-element-9420c0b e-flex e-con-boxed e-con e-parent\" data-id=\"9420c0b\" data-element_type=\"container\" data-settings=\"{&quot;jet_parallax_layout_list&quot;:[]}\">\n\t\t\t\t\t<div class=\"e-con-inner\">\n\t\t\t\t<div class=\"elementor-element elementor-element-f0cbdb8 elementor-widget elementor-widget-contact-form-7\" data-id=\"f0cbdb8\" data-element_type=\"widget\" data-widget_type=\"contact-form-7.default\">\n\t\t\t\t<div class=\"elementor-widget-container\">\n\t\t\t\t\t<div class=\"elementor-contact-form-7 jet-elements\">\n<div class=\"wpcf7 no-js\" id=\"wpcf7-f2928-o1\" lang=\"es-ES\" dir=\"ltr\" data-wpcf7-id=\"2928\">\n<div class=\"screen-reader-response\"><p role=\"status\" aria-live=\"polite\" aria-atomic=\"true\"><\/p> <ul><\/ul><\/div>\n<form action=\"\/en\/wp-json\/wp\/v2\/pages\/2919#wpcf7-f2928-o1\" method=\"post\" class=\"wpcf7-form init\" aria-label=\"Formulario de contacto\" novalidate=\"novalidate\" data-status=\"init\" data-trp-original-action=\"\/en\/wp-json\/wp\/v2\/pages\/2919#wpcf7-f2928-o1\">\n<fieldset class=\"hidden-fields-container\"><input type=\"hidden\" name=\"_wpcf7\" value=\"2928\" \/><input type=\"hidden\" name=\"_wpcf7_version\" value=\"6.1.3\" \/><input type=\"hidden\" name=\"_wpcf7_locale\" value=\"es_ES\" \/><input type=\"hidden\" name=\"_wpcf7_unit_tag\" value=\"wpcf7-f2928-o1\" \/><input type=\"hidden\" name=\"_wpcf7_container_post\" value=\"0\" \/><input type=\"hidden\" name=\"_wpcf7_posted_data_hash\" value=\"\" \/>\n<\/fieldset>\n<fieldset>\n\t<legend>Datos de Facturaci\u00f3n\n\t<\/legend>\n\t<p><label>Nombre completo (obligatorio)<br \/>\n<span class=\"wpcf7-form-control-wrap\" data-name=\"nombre\"><input size=\"40\" maxlength=\"400\" class=\"wpcf7-form-control wpcf7-text wpcf7-validates-as-required\" aria-required=\"true\" aria-invalid=\"false\" placeholder=\"Nombre para la factura\" value=\"\" type=\"text\" name=\"nombre\" \/><\/span><\/label>\n\t<\/p>\n\t<p><label>Email (obligatorio)<br \/>\n<span class=\"wpcf7-form-control-wrap\" data-name=\"email\"><input size=\"40\" maxlength=\"400\" class=\"wpcf7-form-control wpcf7-email wpcf7-validates-as-required wpcf7-text wpcf7-validates-as-email\" aria-required=\"true\" aria-invalid=\"false\" placeholder=\"tu@ladooscuro.com\" value=\"\" type=\"email\" name=\"email\" \/><\/span><\/label>\n\t<\/p>\n\t<p><label>Tel\u00e9fono (obligatorio para env\u00edos)<br \/>\n<span class=\"wpcf7-form-control-wrap\" data-name=\"telefono\"><input size=\"40\" maxlength=\"400\" class=\"wpcf7-form-control wpcf7-tel wpcf7-validates-as-required wpcf7-text wpcf7-validates-as-tel\" aria-required=\"true\" aria-invalid=\"false\" placeholder=\"Para coordinar entregas\" value=\"\" type=\"tel\" name=\"telefono\" \/><\/span><\/label>\n\t<\/p>\n\t<p><label>Direcci\u00f3n completa (Ciudad y Pa\u00eds)<br \/>\n<span class=\"wpcf7-form-control-wrap\" data-name=\"ciudad\"><input size=\"40\" maxlength=\"400\" class=\"wpcf7-form-control wpcf7-text wpcf7-validates-as-required\" aria-required=\"true\" aria-invalid=\"false\" placeholder=\"Direcci\u00f3n de env\u00edo...\" value=\"\" type=\"text\" name=\"ciudad\" \/><\/span><\/label>\n\t<\/p>\n<\/fieldset>\n<fieldset>\n\t<legend>Tu perfil Sackman\n\t<\/legend>\n\t<p><span class=\"wpcf7-form-control-wrap\" data-name=\"perfil\"><span class=\"wpcf7-form-control wpcf7-checkbox wpcf7-validates-as-required\"><span class=\"wpcf7-list-item first\"><label><input type=\"checkbox\" name=\"perfil[]\" value=\"Destilados premium\" \/><span class=\"wpcf7-list-item-label\">Destilados premium<\/span><\/label><\/span><span class=\"wpcf7-list-item\"><label><input type=\"checkbox\" name=\"perfil[]\" value=\"Eventos presenciales\" \/><span class=\"wpcf7-list-item-label\">Eventos presenciales<\/span><\/label><\/span><span class=\"wpcf7-list-item\"><label><input type=\"checkbox\" name=\"perfil[]\" value=\"Catas\" \/><span class=\"wpcf7-list-item-label\">Catas<\/span><\/label><\/span><span class=\"wpcf7-list-item last\"><label><input type=\"checkbox\" name=\"perfil[]\" value=\"Membres\u00eda privada\" \/><span class=\"wpcf7-list-item-label\">Membres\u00eda privada<\/span><\/label><\/span><\/span><\/span>\n\t<\/p>\n<\/fieldset>\n<div style=\"display:none;\">\n\t<p><span class=\"wpcf7-form-control-wrap\" data-name=\"membresia\"><select class=\"wpcf7-form-control wpcf7-select wpcf7-validates-as-required\" aria-required=\"true\" aria-invalid=\"false\" name=\"membresia\"><option value=\"\ud83d\udc80 Miembro oficial \u2013 Nivel Premium\">\ud83d\udc80 Miembro oficial \u2013 Nivel Premium<\/option><\/select><\/span>\n\t<\/p>\n<\/div>\n<p>\n\n\t\t\t\t\t\t\t<span class=\"wpcf7-form-control-wrap mailpoetsignup-p\">\n\t\t\t<span class=\"wpcf7-form-control wpcf7-mailpoetsignup\">\n\t\t\t\t<label class=\"wpcf7-list-label\">\n\t\t\t\t<input type=\"checkbox\"\n\t\t\t\tname=\"mailpoetsignup-p[]\" value=\"\t\t\t\t\t\t\t\t\t\tSackman Premium\t\t\t\t\"\n\t\t\t\tid=\"\" class=\"\"\n\t\t\t\t checked='checked'\t\t\t\t\/>Acepto las condiciones de la membres\u00eda Premium.\t\t\t\t\t<input type=\"hidden\" name=\"fieldVal\"  value=\"\n\t\t\t\t\t7\t\t\t\t\t\"\n\t\t\t\t<\/label>\n\t\t\t\t<br\/>\n\t\t\t\t<\/span>\n\n\t\t\t\t<\/span>\n\n\t\t\t\t\n<\/p>\n<p><input class=\"wpcf7-form-control wpcf7-submit has-spinner\" type=\"submit\" value=\"IR A LA TIENDA\" \/>\n<\/p><div class=\"wpcf7-response-output\" aria-hidden=\"true\"><\/div>\n<input type=\"hidden\" name=\"trp-form-language\" value=\"en\"\/><\/form>\n<\/div>\n<\/div>\t\t\t\t<\/div>\n\t\t\t\t<\/div>\n\t\t\t\t\t<\/div>\n\t\t\t\t<\/div>\n\t\t<div class=\"elementor-element elementor-element-162e172 e-flex e-con-boxed e-con e-parent\" data-id=\"162e172\" data-element_type=\"container\" data-settings=\"{&quot;jet_parallax_layout_list&quot;:[]}\">\n\t\t\t\t\t<div class=\"e-con-inner\">\n\t\t<div class=\"elementor-element elementor-element-603e8cc e-con-full e-flex e-con e-child\" data-id=\"603e8cc\" data-element_type=\"container\" data-settings=\"{&quot;jet_parallax_layout_list&quot;:[]}\">\n\t\t\t\t<div class=\"elementor-element elementor-element-97b7e0e elementor-widget elementor-widget-heading\" data-id=\"97b7e0e\" data-element_type=\"widget\" data-widget_type=\"heading.default\">\n\t\t\t\t<div class=\"elementor-widget-container\">\n\t\t\t\t\t<h2 class=\"elementor-heading-title elementor-size-default\">Membres\u00eda Premium<\/h2>\t\t\t\t<\/div>\n\t\t\t\t<\/div>\n\t\t\t\t<div class=\"elementor-element elementor-element-6372379 elementor-widget elementor-widget-text-editor\" data-id=\"6372379\" data-element_type=\"widget\" data-widget_type=\"text-editor.default\">\n\t\t\t\t<div class=\"elementor-widget-container\">\n\t\t\t\t\t\t\t\t\t<ul><li>Cuota anual: 500 \u20ac<\/li><li>Todo lo incluido en el Nivel Freemium, m\u00e1s:<\/li><li><strong>Pack de bienvenida Sackman<\/strong> (botella exclusiva + material del Club)<\/li><li><strong>Uso privado de Espacio Sackman<\/strong> (hasta 2 horas al a\u00f1o, bajo reserva)<\/li><li><strong>Descuento del 20 % en compras online<\/strong><\/li><li><strong>Acceso prioritario<\/strong> a ediciones limitadas (reserva anticipada)<\/li><li><strong>Visita privada a la destiler\u00eda<\/strong> (1 vez al a\u00f1o, con el destilador y cata guiada)<\/li><li><strong>Convocatorias y experiencias privadas<\/strong> (catas especiales, pruebas de barrica, encuentros reducidos)<\/li><li><strong>Acceso a compra de barricas<\/strong> (completas o fraccionadas) en condiciones exclusivas para miembros<\/li><li>Acceso preferente a <strong>barricas seleccionadas por el destilador<\/strong><\/li><\/ul>\t\t\t\t\t\t\t\t<\/div>\n\t\t\t\t<\/div>\n\t\t\t\t<\/div>\n\t\t\t\t<div class=\"elementor-element elementor-element-49fb2a3 elementor-widget__width-initial elementor-widget elementor-widget-image\" data-id=\"49fb2a3\" data-element_type=\"widget\" data-settings=\"{&quot;motion_fx_motion_fx_mouse&quot;:&quot;yes&quot;,&quot;motion_fx_mouseTrack_effect&quot;:&quot;yes&quot;,&quot;motion_fx_mouseTrack_direction&quot;:&quot;negative&quot;,&quot;motion_fx_tilt_effect&quot;:&quot;yes&quot;,&quot;motion_fx_mouseTrack_speed&quot;:{&quot;unit&quot;:&quot;px&quot;,&quot;size&quot;:1,&quot;sizes&quot;:[]},&quot;motion_fx_tilt_speed&quot;:{&quot;unit&quot;:&quot;px&quot;,&quot;size&quot;:4,&quot;sizes&quot;:[]}}\" data-widget_type=\"image.default\">\n\t\t\t\t<div class=\"elementor-widget-container\">\n\t\t\t\t\t\t\t\t\t\t\t\t\t\t\t<img fetchpriority=\"high\" decoding=\"async\" width=\"683\" height=\"1024\" src=\"https:\/\/sackman.es\/wp-content\/uploads\/2025\/10\/WhatsApp-Image-2025-10-12-at-12.11.04.jpeg\" class=\"attachment-large size-large wp-image-2682\" alt=\"\" \/>\t\t\t\t\t\t\t\t\t\t\t\t\t\t\t<\/div>\n\t\t\t\t<\/div>\n\t\t\t\t\t<\/div>\n\t\t\t\t<\/div>\n\t\t\t\t<\/div>","protected":false},"excerpt":{"rendered":"<p>CLUB SACKMAN Si tienes que preguntar\u2026 no eres bienvenido. Pero ya est\u00e1s aqu\u00ed. Cruza la puerta. Datos de Facturaci\u00f3n Nombre completo (obligatorio) Email (obligatorio) Tel\u00e9fono (obligatorio para env\u00edos) Direcci\u00f3n completa (Ciudad y Pa\u00eds) Tu perfil Sackman Destilados premiumEventos presencialesCatasMembres\u00eda privada \ud83d\udc80 Miembro oficial \u2013 Nivel Premium Acepto las condiciones de la membres\u00eda Premium.<\/p>","protected":false},"author":4,"featured_media":0,"parent":0,"menu_order":0,"comment_status":"closed","ping_status":"closed","template":"","meta":{"footnotes":"","_links_to":"","_links_to_target":""},"class_list":["post-2919","page","type-page","status-publish","hentry"],"_links":{"self":[{"href":"https:\/\/sackman.es\/en\/wp-json\/wp\/v2\/pages\/2919","targetHints":{"allow":["GET"]}}],"collection":[{"href":"https:\/\/sackman.es\/en\/wp-json\/wp\/v2\/pages"}],"about":[{"href":"https:\/\/sackman.es\/en\/wp-json\/wp\/v2\/types\/page"}],"author":[{"embeddable":true,"href":"https:\/\/sackman.es\/en\/wp-json\/wp\/v2\/users\/4"}],"replies":[{"embeddable":true,"href":"https:\/\/sackman.es\/en\/wp-json\/wp\/v2\/comments?post=2919"}],"version-history":[{"count":10,"href":"https:\/\/sackman.es\/en\/wp-json\/wp\/v2\/pages\/2919\/revisions"}],"predecessor-version":[{"id":2947,"href":"https:\/\/sackman.es\/en\/wp-json\/wp\/v2\/pages\/2919\/revisions\/2947"}],"wp:attachment":[{"href":"https:\/\/sackman.es\/en\/wp-json\/wp\/v2\/media?parent=2919"}],"curies":[{"name":"wp","href":"https:\/\/api.w.org\/{rel}","templated":true}]}}