{"id":1476,"date":"2024-04-02T15:53:16","date_gmt":"2024-04-02T15:53:16","guid":{"rendered":"https:\/\/sackman.es\/?post_type=product&#038;p=1476"},"modified":"2025-03-21T11:21:26","modified_gmt":"2025-03-21T11:21:26","slug":"caraperro-ron-especiado","status":"publish","type":"product","link":"https:\/\/sackman.es\/en\/product\/caraperro-ron-especiado\/","title":{"rendered":"Caraperro Ron Especiado"},"content":{"rendered":"<p><strong>Elaboraci\u00f3n<\/strong><\/p>\n<p>La base es ron envejecido durante 4 a\u00f1os en barricas<br \/>\nde roble americano ex-bourbon y PX. La maceraci\u00f3n de<br \/>\nlos ingredientes busca conseguir su m\u00e1xima expresi\u00f3n<br \/>\ny definici\u00f3n arom\u00e1tica. Para rizar el rizo, se ha utilizado<br \/>\naut\u00e9ntica panela de Colombia, detalle que aumenta la<br \/>\nsensaci\u00f3n de ron en el paladar y traslada el dulzor a<\/p>\n<p>&nbsp;<\/p>\n<p><strong>Cata<\/strong><\/p>\n<p>Es potente, complejo, fino en alcohol, con especias de<br \/>\ncierto dominio a canela, pimienta y c\u00edtricos frescos. El<br \/>\ntacto en boca sorprende por la sensaci\u00f3n el\u00e9ctrica que<br \/>\nprovoca, donde la complejidad y redondez del dulzor a<br \/>\npanela, integra el alcohol de forma sobresaliente. Largo<\/p>\n<p>&nbsp;<\/p>\n<p><strong>Curiosidades<\/strong><\/p>\n<p>Bas\u00e1ndonos en el apodo del pirata \u00c1ngel Garc\u00eda,<br \/>\n\u201cCabeza de Perro\u201d, uno de los piratas m\u00e1s temidos que<br \/>\nhemos tenido en Espa\u00f1a, bautizamos a este licor<br \/>\nespeciado de ron como \u201cCaraperro\u201d.<br \/>\nCaraperro, tambi\u00e9n es una expresi\u00f3n popular para<br \/>\ndesignar cuando alguien realiza una acci\u00f3n de forma<br \/>\nansiosa y sin concesiones&#8230; \u00bfte atreves?<\/p>","protected":false},"excerpt":{"rendered":"<p>Es potente, complejo, fino en alcohol, con especias de<br \/>\ncierto dominio a canela, pimienta y c\u00edtricos frescos. El<br \/>\ntacto en boca sorprende por la sensaci\u00f3n el\u00e9ctrica que<br \/>\nprovoca, donde la complejidad y redondez del dulzor a<br \/>\npanela, integra el alcohol de forma sobresaliente. Largo<br \/>\ny adictivo.<\/p>","protected":false},"featured_media":1599,"template":"","meta":{"_links_to":"","_links_to_target":""},"product_brand":[],"product_cat":[15,35],"product_tag":[],"class_list":{"0":"post-1476","1":"product","2":"type-product","3":"status-publish","4":"has-post-thumbnail","6":"product_cat-todos","7":"product_cat-sacklab","9":"first","10":"instock","11":"taxable","12":"shipping-taxable","13":"purchasable","14":"product-type-simple"},"_links":{"self":[{"href":"https:\/\/sackman.es\/en\/wp-json\/wp\/v2\/product\/1476","targetHints":{"allow":["GET"]}}],"collection":[{"href":"https:\/\/sackman.es\/en\/wp-json\/wp\/v2\/product"}],"about":[{"href":"https:\/\/sackman.es\/en\/wp-json\/wp\/v2\/types\/product"}],"wp:featuredmedia":[{"embeddable":true,"href":"https:\/\/sackman.es\/en\/wp-json\/wp\/v2\/media\/1599"}],"wp:attachment":[{"href":"https:\/\/sackman.es\/en\/wp-json\/wp\/v2\/media?parent=1476"}],"wp:term":[{"taxonomy":"product_brand","embeddable":true,"href":"https:\/\/sackman.es\/en\/wp-json\/wp\/v2\/product_brand?post=1476"},{"taxonomy":"product_cat","embeddable":true,"href":"https:\/\/sackman.es\/en\/wp-json\/wp\/v2\/product_cat?post=1476"},{"taxonomy":"product_tag","embeddable":true,"href":"https:\/\/sackman.es\/en\/wp-json\/wp\/v2\/product_tag?post=1476"}],"curies":[{"name":"wp","href":"https:\/\/api.w.org\/{rel}","templated":true}]}}