{"id":431,"date":"2020-09-26T01:24:19","date_gmt":"2020-09-26T01:24:19","guid":{"rendered":"https:\/\/sackman.es\/?post_type=product&#038;p=431"},"modified":"2024-01-15T22:25:45","modified_gmt":"2024-01-15T22:25:45","slug":"gin","status":"publish","type":"product","link":"https:\/\/sackman.es\/en\/product\/gin\/","title":{"rendered":"Otro jodido Gin"},"content":{"rendered":"","protected":false},"excerpt":{"rendered":"<p>Esta ginebra es del tipo London Dry, de 42,5% y se elabora con una combinaci\u00f3n de once bot\u00e1nicos \u2014enebro, cardamomo, romero, tomillo, lim\u00f3n, mandarina, regaliz, cortando, salvia, ra\u00edz de ang\u00e9lica y naranja.<\/p>\n<p>Botella de 70 cl.<\/p>","protected":false},"featured_media":1276,"template":"","meta":{"_links_to":"","_links_to_target":""},"product_brand":[],"product_cat":[35],"product_tag":[],"class_list":{"0":"post-431","1":"product","2":"type-product","3":"status-publish","4":"has-post-thumbnail","6":"product_cat-sacklab","8":"first","9":"instock","10":"taxable","11":"shipping-taxable","12":"purchasable","13":"product-type-simple"},"_links":{"self":[{"href":"https:\/\/sackman.es\/en\/wp-json\/wp\/v2\/product\/431","targetHints":{"allow":["GET"]}}],"collection":[{"href":"https:\/\/sackman.es\/en\/wp-json\/wp\/v2\/product"}],"about":[{"href":"https:\/\/sackman.es\/en\/wp-json\/wp\/v2\/types\/product"}],"wp:featuredmedia":[{"embeddable":true,"href":"https:\/\/sackman.es\/en\/wp-json\/wp\/v2\/media\/1276"}],"wp:attachment":[{"href":"https:\/\/sackman.es\/en\/wp-json\/wp\/v2\/media?parent=431"}],"wp:term":[{"taxonomy":"product_brand","embeddable":true,"href":"https:\/\/sackman.es\/en\/wp-json\/wp\/v2\/product_brand?post=431"},{"taxonomy":"product_cat","embeddable":true,"href":"https:\/\/sackman.es\/en\/wp-json\/wp\/v2\/product_cat?post=431"},{"taxonomy":"product_tag","embeddable":true,"href":"https:\/\/sackman.es\/en\/wp-json\/wp\/v2\/product_tag?post=431"}],"curies":[{"name":"wp","href":"https:\/\/api.w.org\/{rel}","templated":true}]}}